{"id":4793,"date":"2023-12-22T14:20:59","date_gmt":"2023-12-22T13:20:59","guid":{"rendered":"https:\/\/www.pianatom.cz\/?post_type=product&#038;p=4793"},"modified":"2023-12-22T14:42:07","modified_gmt":"2023-12-22T13:42:07","slug":"klavir-petrof-model-v-160-cm","status":"publish","type":"product","link":"https:\/\/www.pianatom.cz\/?product=klavir-petrof-model-v-160-cm","title":{"rendered":"klav\u00edr PETROF model V (160 cm)"},"content":{"rendered":"\t\t<div data-elementor-type=\"wp-post\" data-elementor-id=\"4793\" class=\"elementor elementor-4793\">\n\t\t\t\t\t\t\t\t\t<section class=\"elementor-section elementor-top-section elementor-element elementor-element-4126f15 elementor-section-stretched elementor-section-boxed elementor-section-height-default elementor-section-height-default\" data-id=\"4126f15\" data-element_type=\"section\" data-settings=\"{&quot;stretch_section&quot;:&quot;section-stretched&quot;}\">\n\t\t\t\t\t\t<div class=\"elementor-container elementor-column-gap-no\">\n\t\t\t\t\t<div class=\"elementor-column elementor-col-100 elementor-top-column elementor-element elementor-element-4123276\" data-id=\"4123276\" data-element_type=\"column\">\n\t\t\t<div class=\"elementor-widget-wrap elementor-element-populated\">\n\t\t\t\t\t\t\t\t<div class=\"elementor-element elementor-element-6ed4e14 elementor-widget elementor-widget-heading\" data-id=\"6ed4e14\" data-element_type=\"widget\" data-widget_type=\"heading.default\">\n\t\t\t\t<div class=\"elementor-widget-container\">\n\t\t\t<style>\/*! elementor - v3.14.0 - 26-06-2023 *\/\n.elementor-heading-title{padding:0;margin:0;line-height:1}.elementor-widget-heading .elementor-heading-title[class*=elementor-size-]>a{color:inherit;font-size:inherit;line-height:inherit}.elementor-widget-heading .elementor-heading-title.elementor-size-small{font-size:15px}.elementor-widget-heading .elementor-heading-title.elementor-size-medium{font-size:19px}.elementor-widget-heading .elementor-heading-title.elementor-size-large{font-size:29px}.elementor-widget-heading .elementor-heading-title.elementor-size-xl{font-size:39px}.elementor-widget-heading .elementor-heading-title.elementor-size-xxl{font-size:59px}<\/style><h2 class=\"elementor-heading-title elementor-size-default\">M\u00e1te z\u00e1jem? Kontaktujte n\u00e1s:<\/h2>\t\t<\/div>\n\t\t\t\t<\/div>\n\t\t\t\t<div class=\"elementor-element elementor-element-26a2141 elementor-widget elementor-widget-wpforms\" data-id=\"26a2141\" data-element_type=\"widget\" data-widget_type=\"wpforms.default\">\n\t\t\t\t<div class=\"elementor-widget-container\">\n\t\t\t<div class=\"wpforms-container \" id=\"wpforms-4444\"><form id=\"wpforms-form-4444\" class=\"wpforms-validate wpforms-form\" data-formid=\"4444\" method=\"post\" enctype=\"multipart\/form-data\" action=\"\/index.php?rest_route=%2Fwp%2Fv2%2Fproduct%2F4793\" data-token=\"b5de7f412078b7a1254e4fcab4c539fe\"><noscript class=\"wpforms-error-noscript\">Chcete-li vyplnit tento formul\u00e1\u0159, pros\u00edm povolte v prohl\u00ed\u017ee\u010di JavaScript.<\/noscript><div class=\"wpforms-field-container\"><div id=\"wpforms-4444-field_0-container\" class=\"wpforms-field wpforms-field-name\" data-field-id=\"0\"><label class=\"wpforms-field-label wpforms-label-hide\" for=\"wpforms-4444-field_0\">Name <span class=\"wpforms-required-label\">*<\/span><\/label><input type=\"text\" id=\"wpforms-4444-field_0\" class=\"wpforms-field-large wpforms-field-required\" name=\"wpforms[fields][0]\" placeholder=\"JM\u00c9NO\" required><\/div><div id=\"wpforms-4444-field_5-container\" class=\"wpforms-field wpforms-field-text\" data-field-id=\"5\"><label class=\"wpforms-field-label wpforms-label-hide\" for=\"wpforms-4444-field_5\">Single Line Text<\/label><input type=\"text\" id=\"wpforms-4444-field_5\" class=\"wpforms-field-large\" name=\"wpforms[fields][5]\" value=\"M\u00c1M Z\u00c1JEM O: \" placeholder=\"N\u00c1ZEV PRODUKTU\" ><\/div><div id=\"wpforms-4444-field_4-container\" class=\"wpforms-field wpforms-field-email\" data-field-id=\"4\"><label class=\"wpforms-field-label wpforms-label-hide\" for=\"wpforms-4444-field_4\">Email <span class=\"wpforms-required-label\">*<\/span><\/label><input type=\"email\" id=\"wpforms-4444-field_4\" class=\"wpforms-field-large wpforms-field-required\" name=\"wpforms[fields][4]\" placeholder=\"V\u00c1\u0160 EMAIL\" spellcheck=\"false\" required><\/div><div id=\"wpforms-4444-field_2-container\" class=\"wpforms-field wpforms-field-textarea\" data-field-id=\"2\"><label class=\"wpforms-field-label wpforms-label-hide\" for=\"wpforms-4444-field_2\">Comment or Message <span class=\"wpforms-required-label\">*<\/span><\/label><textarea id=\"wpforms-4444-field_2\" class=\"wpforms-field-large wpforms-field-required\" name=\"wpforms[fields][2]\" placeholder=\"ZPR\u00c1VA\" required><\/textarea><\/div><\/div><!-- .wpforms-field-container --><div class=\"wpforms-field wpforms-field-hp\"><label for=\"wpforms-4444-field-hp\" class=\"wpforms-field-label\">Name<\/label><input type=\"text\" name=\"wpforms[hp]\" id=\"wpforms-4444-field-hp\" class=\"wpforms-field-medium\"><\/div><div class=\"wpforms-submit-container\" ><input type=\"hidden\" name=\"wpforms[id]\" value=\"4444\"><input type=\"hidden\" name=\"wpforms[author]\" value=\"1\"><button type=\"submit\" name=\"wpforms[submit]\" id=\"wpforms-submit-4444\" class=\"wpforms-submit\" data-alt-text=\"Odes\u00edl\u00e1n\u00ed...\" data-submit-text=\"Odeslat zpr\u00e1vu\" aria-live=\"assertive\" value=\"wpforms-submit\">Odeslat zpr\u00e1vu<\/button><\/div><\/form><\/div>  <!-- .wpforms-container -->\t\t<\/div>\n\t\t\t\t<\/div>\n\t\t\t\t\t<\/div>\n\t\t<\/div>\n\t\t\t\t\t\t\t<\/div>\n\t\t<\/section>\n\t\t\t\t\t\t\t<\/div>\n\t\t","protected":false},"excerpt":{"rendered":"<div dir=\"auto\" style=\"font-family: Arial, Helvetica, sans-serif;font-size: small\">Klav\u00edr PETROV model V (160 cm<span style=\"font-family: var(--wp--preset--font-family--system-font);font-size: 13px;color: var(--ast-global-color-3)\">)<\/span><\/div>\n<div dir=\"auto\" style=\"font-family: Arial, Helvetica, sans-serif;font-size: small\">Klav\u00edr je po kompletn\u00ed gener\u00e1ln\u00ed oprav\u011b.\u00a0<\/div>\n<div dir=\"auto\" style=\"font-family: Arial, Helvetica, sans-serif;font-size: small\">V\u0161e vym\u011bn\u011bno za nov\u00e9,\u00a0 cel\u00e1 kl\u00e1vesnice, anglick\u00e1 mechanika.<\/div>\n<div dir=\"auto\" style=\"font-family: Arial, Helvetica, sans-serif;font-size: small\">Nov\u00e9 klad\u00edvka zn: Renner, struny, dus\u00edtka, lad\u00edc\u00ed kol\u00edky. Litinov\u00fd r\u00e1m,<\/div>\n<div dir=\"auto\" style=\"font-family: Arial, Helvetica, sans-serif;font-size: small\">rezonan\u010dn\u00ed deska, sk\u0159\u00ed\u0148 klav\u00edru s novou povrchovou \u00fapravou &#8211; b\u00edl\u00fd materi\u00e1l polyuretan. Klav\u00edr je ur\u010den pro koncerty, ale i na v\u00fduku.\u00a0<\/div>\n<div dir=\"auto\" style=\"font-family: Arial, Helvetica, sans-serif;font-size: small\">Cena stejn\u00e9ho nov\u00e9ho modelu Petrof V (<span style=\"font-family: Arial, Helvetica, sans-serif\">v \u010dern\u00e9 barv\u011b) je 849 000 K\u010d, dle cen\u00edku.<\/span><\/div>\n<div dir=\"auto\" style=\"font-family: Arial, Helvetica, sans-serif;font-size: small\"><\/div>\n<p><span style=\"font-family: Arial, Helvetica, sans-serif;font-size: small\">Z\u00e1ruka 5 let.<\/span><\/p>\n","protected":false},"featured_media":4796,"template":"","meta":{"site-sidebar-layout":"no-sidebar","site-content-layout":"page-builder","ast-global-header-display":"","ast-banner-title-visibility":"","ast-main-header-display":"","ast-hfb-above-header-display":"","ast-hfb-below-header-display":"","ast-hfb-mobile-header-display":"","site-post-title":"disabled","ast-breadcrumbs-content":"","ast-featured-img":"disabled","footer-sml-layout":"","theme-transparent-header-meta":"default","adv-header-id-meta":"","stick-header-meta":"","header-above-stick-meta":"","header-main-stick-meta":"","header-below-stick-meta":""},"product_cat":[68],"product_tag":[],"class_list":{"0":"post-4793","1":"product","2":"type-product","3":"status-publish","4":"has-post-thumbnail","6":"product_cat-klaviry","7":"desktop-align-left","8":"tablet-align-left","9":"mobile-align-left","11":"first","12":"instock","13":"featured","14":"sold-individually","15":"shipping-taxable","16":"purchasable","17":"product-type-simple"},"_links":{"self":[{"href":"https:\/\/www.pianatom.cz\/index.php?rest_route=\/wp\/v2\/product\/4793","targetHints":{"allow":["GET"]}}],"collection":[{"href":"https:\/\/www.pianatom.cz\/index.php?rest_route=\/wp\/v2\/product"}],"about":[{"href":"https:\/\/www.pianatom.cz\/index.php?rest_route=\/wp\/v2\/types\/product"}],"version-history":[{"count":1,"href":"https:\/\/www.pianatom.cz\/index.php?rest_route=\/wp\/v2\/product\/4793\/revisions"}],"predecessor-version":[{"id":4803,"href":"https:\/\/www.pianatom.cz\/index.php?rest_route=\/wp\/v2\/product\/4793\/revisions\/4803"}],"wp:featuredmedia":[{"embeddable":true,"href":"https:\/\/www.pianatom.cz\/index.php?rest_route=\/wp\/v2\/media\/4796"}],"wp:attachment":[{"href":"https:\/\/www.pianatom.cz\/index.php?rest_route=%2Fwp%2Fv2%2Fmedia&parent=4793"}],"wp:term":[{"taxonomy":"product_cat","embeddable":true,"href":"https:\/\/www.pianatom.cz\/index.php?rest_route=%2Fwp%2Fv2%2Fproduct_cat&post=4793"},{"taxonomy":"product_tag","embeddable":true,"href":"https:\/\/www.pianatom.cz\/index.php?rest_route=%2Fwp%2Fv2%2Fproduct_tag&post=4793"}],"curies":[{"name":"wp","href":"https:\/\/api.w.org\/{rel}","templated":true}]}}